{"id":441,"date":"2024-08-08T03:02:33","date_gmt":"2024-08-07T19:02:33","guid":{"rendered":"https:\/\/rubberflex.com.my\/pt\/?page_id=441"},"modified":"2026-03-24T15:19:09","modified_gmt":"2026-03-24T07:19:09","slug":"rubber-thread","status":"publish","type":"page","link":"https:\/\/rubberflex.com.my\/pt\/rubber-thread\/","title":{"rendered":"Rubber Thread"},"content":{"rendered":"<p>[et_pb_section fb_built=&#8221;1&#8243; _builder_version=&#8221;4.25.1&#8243; _module_preset=&#8221;default&#8221; background_enable_color=&#8221;off&#8221; background_image=&#8221;https:\/\/rubberflex.com.my\/pt\/wp-content\/uploads\/2024\/08\/box-banner.jpg&#8221; parallax=&#8221;on&#8221; background_enable_video_mp4=&#8221;off&#8221; background_enable_video_webm=&#8221;off&#8221; height=&#8221;70vh&#8221; overflow-y=&#8221;visible&#8221; custom_margin=&#8221;||||false|false&#8221; custom_padding=&#8221;||||false|false&#8221; top_divider_style=&#8221;wave&#8221; top_divider_color=&#8221;#FFFFFF&#8221; top_divider_height=&#8221;35px&#8221; top_divider_flip=&#8221;horizontal&#8221; top_divider_arrangement=&#8221;above_content&#8221; custom_css_main_element=&#8221;display:flex;||align-items:center;||justify-content:flex-start;&#8221; custom_css_free_form=&#8221;@media screen and (max-height:600px){||\tselector{||  \theight:500px !important;||\t}||}&#8221; global_colors_info=&#8221;{}&#8221;][et_pb_row _builder_version=&#8221;4.25.1&#8243; _module_preset=&#8221;default&#8221; background_color=&#8221;rgba(99,36,141,0.7)&#8221; positioning=&#8221;absolute&#8221; position_origin_a=&#8221;bottom_center&#8221; vertical_offset=&#8221;-1px&#8221; horizontal_offset=&#8221;10%&#8221; z_index=&#8221;1&#8243; custom_margin=&#8221;||||false|false&#8221; custom_padding=&#8221;50px|30px|30px|30px|false|false&#8221; animation_style=&#8221;fade&#8221; animation_direction=&#8221;bottom&#8221; animation_delay=&#8221;500ms&#8221; scroll_vertical_motion=&#8221;0|50|50|100|4|0|0&#8243; global_colors_info=&#8221;{}&#8221;][et_pb_column type=&#8221;4_4&#8243; _builder_version=&#8221;4.25.1&#8243; _module_preset=&#8221;default&#8221; custom_padding=&#8221;||||false|false&#8221; global_colors_info=&#8221;{}&#8221;][et_pb_divider show_divider=&#8221;off&#8221; _builder_version=&#8221;4.25.1&#8243; _module_preset=&#8221;default&#8221; background_enable_pattern_style=&#8221;on&#8221; background_pattern_style=&#8221;waves&#8221; background_pattern_color=&#8221;#FFFFFF&#8221; background_pattern_transform=&#8221;rotate_90_degree&#8221; background_pattern_size=&#8221;contain&#8221; background_pattern_horizontal_offset=&#8221;1%&#8221; width=&#8221;100px&#8221; height=&#8221;15px&#8221; custom_margin=&#8221;||10px|5px|false|false&#8221; animation_style=&#8221;slide&#8221; animation_direction=&#8221;left&#8221; animation_delay=&#8221;800ms&#8221; animation_intensity_slide=&#8221;30%&#8221; global_colors_info=&#8221;{}&#8221;][\/et_pb_divider][et_pb_text _builder_version=&#8221;4.27.2&#8243; _module_preset=&#8221;default&#8221; max_width=&#8221;800px&#8221; animation_style=&#8221;slide&#8221; animation_direction=&#8221;top&#8221; animation_intensity_slide=&#8221;30%&#8221; global_colors_info=&#8221;{}&#8221;]<\/p>\n<h2 class=\"white\">O que \u00e9 o fio de borracha?<\/h2>\n<p>[\/et_pb_text][\/et_pb_column][\/et_pb_row][\/et_pb_section][et_pb_section fb_built=&#8221;1&#8243; _builder_version=&#8221;4.25.1&#8243; _module_preset=&#8221;default&#8221; custom_padding=&#8221;0px||0px||false|false&#8221; global_colors_info=&#8221;{}&#8221;][et_pb_row _builder_version=&#8221;4.25.1&#8243; _module_preset=&#8221;default&#8221; background_color=&#8221;#63248d&#8221; positioning=&#8221;none&#8221; horizontal_offset=&#8221;10%&#8221; z_index=&#8221;1&#8243; custom_margin=&#8221;||||false|false&#8221; custom_padding=&#8221;50px|30px|30px|30px|false|false&#8221; animation_style=&#8221;slide&#8221; animation_direction=&#8221;bottom&#8221; animation_delay=&#8221;1000ms&#8221; animation_intensity_slide=&#8221;20%&#8221; scroll_vertical_motion=&#8221;0|50|50|100|4|0|0&#8243; global_colors_info=&#8221;{}&#8221;][et_pb_column type=&#8221;4_4&#8243; _builder_version=&#8221;4.25.1&#8243; _module_preset=&#8221;default&#8221; custom_padding=&#8221;||||false|false&#8221; global_colors_info=&#8221;{}&#8221;][et_pb_text _builder_version=&#8221;4.27.2&#8243; _module_preset=&#8221;default&#8221; global_colors_info=&#8221;{}&#8221;]<\/p>\n<p class=\"white\">Os fios de borracha s\u00e3o produzidos a partir do l\u00e1tex natural extra\u00eddo de seringueiras. A transforma\u00e7\u00e3o do l\u00e1tex bruto em fios exige um complexo processo de fabrica\u00e7\u00e3o. Este procedimento requer conhecimento e habilidades t\u00e9cnicas especializadas, compet\u00eancias nas quais a Rubberflex possui vasta experi\u00eancia e capacidade comprovada.<\/p>\n<p>[\/et_pb_text][\/et_pb_column][\/et_pb_row][\/et_pb_section][et_pb_section fb_built=&#8221;1&#8243; custom_padding_last_edited=&#8221;on|desktop&#8221; _builder_version=&#8221;4.25.1&#8243; _module_preset=&#8221;default&#8221; background_enable_image=&#8221;off&#8221; parallax=&#8221;on&#8221; min_height=&#8221;500px&#8221; custom_padding=&#8221;|3%||3%|false|false&#8221; custom_padding_tablet=&#8221;|||3%|false|false&#8221; custom_padding_phone=&#8221;0px|3%|||false|false&#8221; global_colors_info=&#8221;{}&#8221;][et_pb_row _builder_version=&#8221;4.25.1&#8243; _module_preset=&#8221;default&#8221; width=&#8221;100%&#8221; custom_padding=&#8221;0px||0px||false|false&#8221; animation_style=&#8221;fade&#8221; global_colors_info=&#8221;{}&#8221;][et_pb_column type=&#8221;4_4&#8243; _builder_version=&#8221;4.21.0&#8243; _module_preset=&#8221;default&#8221; global_colors_info=&#8221;{}&#8221;][et_pb_image src=&#8221;https:\/\/rubberflex.com.my\/pt\/wp-content\/uploads\/2024\/06\/lines-bgimg-color-v1.png&#8221; title_text=&#8221;lines-bgimg-color-v1&#8243; _builder_version=&#8221;4.27.2&#8243; _module_preset=&#8221;default&#8221; max_width=&#8221;400px&#8221; scroll_vertical_motion_enable=&#8221;on&#8221; scroll_vertical_motion=&#8221;0|50|50|100|1|0|-4&#8243; custom_css_main_element=&#8221;position:absolute;||top:-250px;||left:-250px;||z-index:1;&#8221; global_colors_info=&#8221;{}&#8221;][\/et_pb_image][\/et_pb_column][\/et_pb_row][et_pb_row _builder_version=&#8221;4.27.2&#8243; _module_preset=&#8221;default&#8221; width=&#8221;90%&#8221; locked=&#8221;off&#8221; global_colors_info=&#8221;{}&#8221;][et_pb_column type=&#8221;4_4&#8243; _builder_version=&#8221;4.25.1&#8243; _module_preset=&#8221;default&#8221; custom_padding=&#8221;|20px||20px|false|false&#8221; global_colors_info=&#8221;{}&#8221;][et_pb_divider show_divider=&#8221;off&#8221; _builder_version=&#8221;4.25.1&#8243; _module_preset=&#8221;default&#8221; background_enable_pattern_style=&#8221;on&#8221; background_pattern_style=&#8221;waves&#8221; background_pattern_color=&#8221;#582071&#8243; background_pattern_transform=&#8221;rotate_90_degree&#8221; background_pattern_size=&#8221;contain&#8221; background_pattern_horizontal_offset=&#8221;1%&#8221; width=&#8221;100px&#8221; height=&#8221;15px&#8221; custom_margin=&#8221;||10px|5px|false|false&#8221; animation_style=&#8221;slide&#8221; animation_direction=&#8221;left&#8221; animation_delay=&#8221;800ms&#8221; animation_intensity_slide=&#8221;30%&#8221; global_colors_info=&#8221;{}&#8221;][\/et_pb_divider][et_pb_text _builder_version=&#8221;4.27.2&#8243; _module_preset=&#8221;default&#8221; header_2_text_color=&#8221;#4d0060&#8243; max_width=&#8221;800px&#8221; animation_style=&#8221;slide&#8221; animation_direction=&#8221;top&#8221; animation_intensity_slide=&#8221;30%&#8221; locked=&#8221;off&#8221; global_colors_info=&#8221;{}&#8221;]<\/p>\n<h2>Varia\u00e7\u00f5es de Fios de Borracha<\/h2>\n<p>[\/et_pb_text][et_pb_code _builder_version=&#8221;4.27.2&#8243; _module_preset=&#8221;default&#8221; global_colors_info=&#8221;{}&#8221;]<div class='white' style='background:rgba(0,0,0,0); border:solid 0px rgba(0,0,0,0); border-radius:0px; padding:0px 0px 0px 0px;'>\n<div id='slider_462' class='owl-carousel sa_owl_theme ' data-slider-id='slider_462' style='visibility:hidden;'>\n<div id='slider_462_slide01' class='sa_hover_container' style='padding:5% 5%; margin:0px 0%; '><div class=\"product-box\">\r\n<img decoding=\"async\" src=\"https:\/\/rubberflex.com.my\/pt\/wp-content\/uploads\/2024\/08\/product-1.png\" alt=\"\" \/>\r\n<h3>Fio revestido com talco (RX)<br>\r\nContagens de <br>\r\n20 a 110<\/h3>\r\n<\/div><\/div>\n<div id='slider_462_slide02' class='sa_hover_container' style='padding:5% 5%; margin:0px 0%; '><div class=\"product-box\">\r\n<img decoding=\"async\" src=\"https:\/\/rubberflex.com.my\/pt\/wp-content\/uploads\/2024\/08\/product-2.png\" alt=\"\" \/>\r\n<h3>Fio revestido com silicone, isento de p\u00f3 (EX)<br>\r\nContagens de <br>\r\n20 a 65<\/h3>\r\n<\/div><\/div>\n<div id='slider_462_slide03' class='sa_hover_container' style='padding:5% 5%; margin:0px 0%; '><div class=\"product-box\">\r\n<img decoding=\"async\" src=\"https:\/\/rubberflex.com.my\/pt\/wp-content\/uploads\/2024\/08\/product-3.png\" alt=\"\" \/>\r\n<h3>Fio de silicone de alto m\u00f3dulo (HM-EX)<br>\r\nContagens de <br>\r\n20 a 38<\/h3>\r\n<\/div><\/div>\n<div id='slider_462_slide04' class='sa_hover_container' style='padding:5% 5%; margin:0px 0%; '><div class=\"product-box\">\r\n<img decoding=\"async\" src=\"https:\/\/rubberflex.com.my\/pt\/wp-content\/uploads\/2024\/08\/product-4.png\" alt=\"\" \/>\r\n<h3>Fio cor creme para embalagem de carnes (MP)<br>\r\nContagens de <br>\r\n20 a 48<\/h3>\r\n<\/div><\/div>\n<div id='slider_462_slide05' class='sa_hover_container' style='padding:5% 5%; margin:0px 0%; '><div class=\"product-box\">\r\n<img decoding=\"async\" src=\"https:\/\/rubberflex.com.my\/pt\/wp-content\/uploads\/2024\/08\/product-5.png\" alt=\"\" \/>\r\n<h3>Fio para fraldas de beb\u00ea (BD)<br>\r\nContagens de <br>\r\n50 a 52<\/h3>\r\n<\/div><\/div>\n<div id='slider_462_slide06' class='sa_hover_container' style='padding:5% 5%; margin:0px 0%; '><div class=\"product-box\">\r\n<img decoding=\"async\" src=\"https:\/\/rubberflex.com.my\/pt\/wp-content\/uploads\/2024\/08\/product-6.png\" alt=\"\" \/>\r\n<h3>Fio para percintas de m\u00f3veis (FW)<br>\r\nContagens de <br>\r\n20 a 28<\/h3>\r\n<\/div><\/div>\n<\/div>\n<\/div>\n<script type='text\/javascript'>\n\tjQuery(document).ready(function() {\n\t\tjQuery('#slider_462').owlCarousel({\n\t\t\tresponsive:{\n\t\t\t\t0:{ items:1 },\n\t\t\t\t480:{ items:1 },\n\t\t\t\t768:{ items:1 },\n\t\t\t\t980:{ items:2 },\n\t\t\t\t1200:{ items:2 },\n\t\t\t\t1500:{ items:2 }\n\t\t\t},\n\t\t\tautoplay : true,\n\t\t\tautoplayTimeout : 5000,\n\t\t\tautoplayHoverPause : false,\n\t\t\tsmartSpeed : 1000,\n\t\t\tfluidSpeed : 1000,\n\t\t\tautoplaySpeed : 1000,\n\t\t\tnavSpeed : 1000,\n\t\t\tdotsSpeed : 1000,\n\t\t\tloop : true,\n\t\t\tnav : true,\n\t\t\tnavText : ['Previous','Next'],\n\t\t\tdots : false,\n\t\t\tresponsiveRefreshRate : 200,\n\t\t\tslideBy : 1,\n\t\t\tmergeFit : true,\n\t\t\tautoHeight : false,\n\t\t\tmouseDrag : true,\n\t\t\ttouchDrag : true\n\t\t});\n\t\tjQuery('#slider_462').css('visibility', 'visible');\n\t\tsa_resize_slider_462();\n\t\twindow.addEventListener('resize', sa_resize_slider_462);\n\t\tfunction sa_resize_slider_462() {\n\t\t\tvar min_height = '50';\n\t\t\tvar win_width = jQuery(window).width();\n\t\t\tvar slider_width = jQuery('#slider_462').width();\n\t\t\tif (win_width < 480) {\n\t\t\t\tvar slide_width = slider_width \/ 1;\n\t\t\t} else if (win_width < 768) {\n\t\t\t\tvar slide_width = slider_width \/ 1;\n\t\t\t} else if (win_width < 980) {\n\t\t\t\tvar slide_width = slider_width \/ 1;\n\t\t\t} else if (win_width < 1200) {\n\t\t\t\tvar slide_width = slider_width \/ 2;\n\t\t\t} else if (win_width < 1500) {\n\t\t\t\tvar slide_width = slider_width \/ 2;\n\t\t\t} else {\n\t\t\t\tvar slide_width = slider_width \/ 2;\n\t\t\t}\n\t\t\tslide_width = Math.round(slide_width);\n\t\t\tvar slide_height = '0';\n\t\t\tif (min_height == 'aspect43') {\n\t\t\t\tslide_height = (slide_width \/ 4) * 3;\t\t\t\tslide_height = Math.round(slide_height);\n\t\t\t} else if (min_height == 'aspect169') {\n\t\t\t\tslide_height = (slide_width \/ 16) * 9;\t\t\t\tslide_height = Math.round(slide_height);\n\t\t\t} else {\n\t\t\t\tslide_height = (slide_width \/ 100) * min_height;\t\t\t\tslide_height = Math.round(slide_height);\n\t\t\t}\n\t\t\tjQuery('#slider_462 .owl-item .sa_hover_container').css('min-height', slide_height+'px');\n\t\t}\n\t\tvar owl_goto = jQuery('#slider_462');\n\t\tjQuery('.slider_462_goto1').click(function(event){\n\t\t\towl_goto.trigger('to.owl.carousel', 0);\n\t\t});\n\t\tjQuery('.slider_462_goto2').click(function(event){\n\t\t\towl_goto.trigger('to.owl.carousel', 1);\n\t\t});\n\t\tjQuery('.slider_462_goto3').click(function(event){\n\t\t\towl_goto.trigger('to.owl.carousel', 2);\n\t\t});\n\t\tjQuery('.slider_462_goto4').click(function(event){\n\t\t\towl_goto.trigger('to.owl.carousel', 3);\n\t\t});\n\t\tjQuery('.slider_462_goto5').click(function(event){\n\t\t\towl_goto.trigger('to.owl.carousel', 4);\n\t\t});\n\t\tjQuery('.slider_462_goto6').click(function(event){\n\t\t\towl_goto.trigger('to.owl.carousel', 5);\n\t\t});\n\t\tvar resize_462 = jQuery('.owl-carousel');\n\t\tresize_462.on('initialized.owl.carousel', function(e) {\n\t\t\tif (typeof(Event) === 'function') {\n\t\t\t\twindow.dispatchEvent(new Event('resize'));\n\t\t\t} else {\n\t\t\t\tvar evt = window.document.createEvent('UIEvents');\n\t\t\t\tevt.initUIEvent('resize', true, false, window, 0);\n\t\t\t\twindow.dispatchEvent(evt);\n\t\t\t}\n\t\t});\n\t});\n<\/script>\n[\/et_pb_code][\/et_pb_column][\/et_pb_row][\/et_pb_section][et_pb_section fb_built=&#8221;1&#8243; _builder_version=&#8221;4.27.0&#8243; _module_preset=&#8221;default&#8221; background_image=&#8221;https:\/\/rubberflex.com.my\/pt\/wp-content\/uploads\/2024\/10\/cta-banner-design7.jpg&#8221; parallax=&#8221;on&#8221; min_height=&#8221;600px&#8221; height=&#8221;85vh&#8221; custom_padding=&#8221;0px|0px|0px|0px|false|false&#8221; background_last_edited=&#8221;on|phone&#8221; use_background_color_gradient_phone=&#8221;on&#8221; background_color_gradient_stops_phone=&#8221;rgba(255,255,255,0) 15%|rgba(255,255,255,0.85) 70%&#8221; background_color_gradient_overlays_image_phone=&#8221;on&#8221; custom_css_free_form=&#8221;selector .et_parallax_bg{||  background-position:left 40% center !important;||}||.et_parallax_gradient {||    display: none !important;||  background-image: linear-gradient( 180deg, rgba(255,255,255,0) 25%, rgba(255,255,255,0.85) 90% ) !important;||  }||@media screen and (max-width:767px){||\t.et_parallax_gradient {||    display: block !important;||  }||  selector .et_parallax_bg{||    background-position:left 10% center !important;||  }||}||@media screen and (max-width:980px) and (orientation:portrait){||  selector{||    height:60vh !important;||  }||}||@media screen and (max-width:767px) and (orientation:portrait){||  selector{||    height:600px !important;||    min-height: initial !important;||  }||}||@media screen and (max-height:600px) and (orientation:landscape){||  selector{||    height:600px !important;||    min-height: initial !important;||  }||}&#8221; global_colors_info=&#8221;{}&#8221;][et_pb_row column_structure=&#8221;1_2,1_2&#8243; make_equal=&#8221;on&#8221; _builder_version=&#8221;4.25.1&#8243; _module_preset=&#8221;default&#8221; height=&#8221;100%&#8221; background_last_edited=&#8221;off|desktop&#8221; use_background_color_gradient_phone=&#8221;off&#8221; background_color_gradient_overlays_image_phone=&#8221;on&#8221; custom_css_main_element=&#8221;display:flex;||align-items:center;||justify-content:flex-start;&#8221; custom_css_free_form=&#8221;@media screen and (max-width:767px) and (orientation:portrait){||  selector{||\t\talign-items:flex-end !important;||    padding:50px 0 !important;||  }||}&#8221; global_colors_info=&#8221;{}&#8221;][et_pb_column type=&#8221;1_2&#8243; _builder_version=&#8221;4.25.1&#8243; _module_preset=&#8221;default&#8221; global_colors_info=&#8221;{}&#8221; custom_css_main_element_last_edited=&#8221;off|tablet&#8221;][\/et_pb_column][et_pb_column type=&#8221;1_2&#8243; _builder_version=&#8221;4.25.1&#8243; _module_preset=&#8221;default&#8221; global_colors_info=&#8221;{}&#8221; custom_css_main_element_last_edited=&#8221;on|phone&#8221; custom_css_main_element_tablet=&#8221;width: 50% !important;||margin-left:50% !important;&#8221; custom_css_main_element_phone=&#8221;width: 100% !important;||margin-left:0% !important;&#8221;][et_pb_divider show_divider=&#8221;off&#8221; _builder_version=&#8221;4.25.1&#8243; _module_preset=&#8221;default&#8221; background_enable_pattern_style=&#8221;on&#8221; background_pattern_style=&#8221;waves&#8221; background_pattern_color=&#8221;#5f008c&#8221; background_pattern_transform=&#8221;rotate_90_degree&#8221; background_pattern_size=&#8221;contain&#8221; background_pattern_horizontal_offset=&#8221;1%&#8221; width=&#8221;100px&#8221; height=&#8221;15px&#8221; custom_margin=&#8221;||10px|5px|false|false&#8221; animation_style=&#8221;slide&#8221; animation_direction=&#8221;left&#8221; animation_delay=&#8221;800ms&#8221; animation_intensity_slide=&#8221;30%&#8221; locked=&#8221;off&#8221; global_colors_info=&#8221;{}&#8221;][\/et_pb_divider][et_pb_text _builder_version=&#8221;4.27.2&#8243; _module_preset=&#8221;default&#8221; custom_margin=&#8221;||15px||false|false&#8221; animation_style=&#8221;slide&#8221; animation_direction=&#8221;top&#8221; animation_intensity_slide=&#8221;30%&#8221; global_colors_info=&#8221;{}&#8221;]<\/p>\n<h2 class=\"purple\">Tem d\u00favidas ou precisa de assist\u00eancia?<\/h2>\n<p>Nossa equipe de especialistas est\u00e1 \u00e0 disposi\u00e7\u00e3o para ajudar. Entre em contato hoje mesmo para discutir suas necessidades em fios de borracha e descubra como podemos superar suas expectativas.<\/p>\n<p>[\/et_pb_text][et_pb_button button_url=&#8221;https:\/\/rubberflex.com.my\/pt\/enquiry\/&#8221; button_text=&#8221;Fale Conosco&#8221; _builder_version=&#8221;4.27.2&#8243; _module_preset=&#8221;default&#8221; custom_button=&#8221;on&#8221; button_font=&#8221;|||on|||||&#8221; button_icon=&#8221;&#xf061;||fa||900&#8243; button_on_hover=&#8221;off&#8221; custom_margin=&#8221;50px||||false|false&#8221; custom_margin_tablet=&#8221;50px||||false|false&#8221; custom_margin_phone=&#8221;30px||||false|false&#8221; custom_margin_last_edited=&#8221;on|phone&#8221; custom_padding=&#8221;10px|45px|10px|25px|false|false&#8221; animation_style=&#8221;slide&#8221; animation_direction=&#8221;bottom&#8221; animation_delay=&#8221;400ms&#8221; animation_intensity_slide=&#8221;30%&#8221; custom_css_main_element=&#8221;min-width:auto;&#8221; global_colors_info=&#8221;{}&#8221;][\/et_pb_button][\/et_pb_column][\/et_pb_row][\/et_pb_section]<\/p>\n","protected":false},"excerpt":{"rendered":"<p>O que \u00e9 o fio de borracha?Os fios de borracha s\u00e3o produzidos a partir do l\u00e1tex natural extra\u00eddo de seringueiras. A transforma\u00e7\u00e3o do l\u00e1tex bruto em fios exige um complexo processo de fabrica\u00e7\u00e3o. Este procedimento requer conhecimento e habilidades t\u00e9cnicas especializadas, compet\u00eancias nas quais a Rubberflex possui vasta experi\u00eancia e capacidade comprovada.Varia\u00e7\u00f5es de Fios de [&hellip;]<\/p>\n","protected":false},"author":1,"featured_media":0,"parent":0,"menu_order":0,"comment_status":"closed","ping_status":"closed","template":"","meta":{"_et_pb_use_builder":"on","_et_pb_old_content":"","_et_gb_content_width":"","footnotes":""},"class_list":["post-441","page","type-page","status-publish","hentry"],"yoast_head":"<!-- This site is optimized with the Yoast SEO plugin v23.9 - https:\/\/yoast.com\/wordpress\/plugins\/seo\/ -->\n<title>Rubber Thread - Rubberflex Sdn Bhd<\/title>\n<meta name=\"robots\" content=\"index, follow, max-snippet:-1, max-image-preview:large, max-video-preview:-1\" \/>\n<link rel=\"canonical\" href=\"https:\/\/rubberflex.com.my\/pt\/rubber-thread\/\" \/>\n<meta property=\"og:locale\" content=\"en_US\" \/>\n<meta property=\"og:type\" content=\"article\" \/>\n<meta property=\"og:title\" content=\"Rubber Thread - Rubberflex Sdn Bhd\" \/>\n<meta property=\"og:description\" content=\"O que \u00e9 o fio de borracha?Os fios de borracha s\u00e3o produzidos a partir do l\u00e1tex natural extra\u00eddo de seringueiras. A transforma\u00e7\u00e3o do l\u00e1tex bruto em fios exige um complexo processo de fabrica\u00e7\u00e3o. Este procedimento requer conhecimento e habilidades t\u00e9cnicas especializadas, compet\u00eancias nas quais a Rubberflex possui vasta experi\u00eancia e capacidade comprovada.Varia\u00e7\u00f5es de Fios de [&hellip;]\" \/>\n<meta property=\"og:url\" content=\"https:\/\/rubberflex.com.my\/pt\/rubber-thread\/\" \/>\n<meta property=\"og:site_name\" content=\"Rubberflex Sdn Bhd\" \/>\n<meta property=\"article:modified_time\" content=\"2026-03-24T07:19:09+00:00\" \/>\n<meta name=\"twitter:card\" content=\"summary_large_image\" \/>\n<meta name=\"twitter:label1\" content=\"Est. reading time\" \/>\n\t<meta name=\"twitter:data1\" content=\"3 minutes\" \/>\n<script type=\"application\/ld+json\" class=\"yoast-schema-graph\">{\"@context\":\"https:\/\/schema.org\",\"@graph\":[{\"@type\":\"WebPage\",\"@id\":\"https:\/\/rubberflex.com.my\/pt\/rubber-thread\/\",\"url\":\"https:\/\/rubberflex.com.my\/pt\/rubber-thread\/\",\"name\":\"Rubber Thread - Rubberflex Sdn Bhd\",\"isPartOf\":{\"@id\":\"https:\/\/rubberflex.com.my\/pt\/#website\"},\"datePublished\":\"2024-08-07T19:02:33+00:00\",\"dateModified\":\"2026-03-24T07:19:09+00:00\",\"breadcrumb\":{\"@id\":\"https:\/\/rubberflex.com.my\/pt\/rubber-thread\/#breadcrumb\"},\"inLanguage\":\"en-US\",\"potentialAction\":[{\"@type\":\"ReadAction\",\"target\":[\"https:\/\/rubberflex.com.my\/pt\/rubber-thread\/\"]}]},{\"@type\":\"BreadcrumbList\",\"@id\":\"https:\/\/rubberflex.com.my\/pt\/rubber-thread\/#breadcrumb\",\"itemListElement\":[{\"@type\":\"ListItem\",\"position\":1,\"name\":\"Home\",\"item\":\"https:\/\/rubberflex.com.my\/pt\/\"},{\"@type\":\"ListItem\",\"position\":2,\"name\":\"Rubber Thread\"}]},{\"@type\":\"WebSite\",\"@id\":\"https:\/\/rubberflex.com.my\/pt\/#website\",\"url\":\"https:\/\/rubberflex.com.my\/pt\/\",\"name\":\"Rubberflex\",\"description\":\"The World\u2019s Largest Rubber Thread Manufacturer\",\"publisher\":{\"@id\":\"https:\/\/rubberflex.com.my\/pt\/#organization\"},\"potentialAction\":[{\"@type\":\"SearchAction\",\"target\":{\"@type\":\"EntryPoint\",\"urlTemplate\":\"https:\/\/rubberflex.com.my\/pt\/?s={search_term_string}\"},\"query-input\":{\"@type\":\"PropertyValueSpecification\",\"valueRequired\":true,\"valueName\":\"search_term_string\"}}],\"inLanguage\":\"en-US\"},{\"@type\":\"Organization\",\"@id\":\"https:\/\/rubberflex.com.my\/pt\/#organization\",\"name\":\"Rubberflex\",\"url\":\"https:\/\/rubberflex.com.my\/pt\/\",\"logo\":{\"@type\":\"ImageObject\",\"inLanguage\":\"en-US\",\"@id\":\"https:\/\/rubberflex.com.my\/pt\/#\/schema\/logo\/image\/\",\"url\":\"https:\/\/rubberflex.com.my\/pt\/wp-content\/uploads\/2024\/06\/favicon.png\",\"contentUrl\":\"https:\/\/rubberflex.com.my\/pt\/wp-content\/uploads\/2024\/06\/favicon.png\",\"width\":121,\"height\":121,\"caption\":\"Rubberflex\"},\"image\":{\"@id\":\"https:\/\/rubberflex.com.my\/pt\/#\/schema\/logo\/image\/\"}}]}<\/script>\n<!-- \/ Yoast SEO plugin. -->","yoast_head_json":{"title":"Rubber Thread - Rubberflex Sdn Bhd","robots":{"index":"index","follow":"follow","max-snippet":"max-snippet:-1","max-image-preview":"max-image-preview:large","max-video-preview":"max-video-preview:-1"},"canonical":"https:\/\/rubberflex.com.my\/pt\/rubber-thread\/","og_locale":"en_US","og_type":"article","og_title":"Rubber Thread - Rubberflex Sdn Bhd","og_description":"O que \u00e9 o fio de borracha?Os fios de borracha s\u00e3o produzidos a partir do l\u00e1tex natural extra\u00eddo de seringueiras. A transforma\u00e7\u00e3o do l\u00e1tex bruto em fios exige um complexo processo de fabrica\u00e7\u00e3o. Este procedimento requer conhecimento e habilidades t\u00e9cnicas especializadas, compet\u00eancias nas quais a Rubberflex possui vasta experi\u00eancia e capacidade comprovada.Varia\u00e7\u00f5es de Fios de [&hellip;]","og_url":"https:\/\/rubberflex.com.my\/pt\/rubber-thread\/","og_site_name":"Rubberflex Sdn Bhd","article_modified_time":"2026-03-24T07:19:09+00:00","twitter_card":"summary_large_image","twitter_misc":{"Est. reading time":"3 minutes"},"schema":{"@context":"https:\/\/schema.org","@graph":[{"@type":"WebPage","@id":"https:\/\/rubberflex.com.my\/pt\/rubber-thread\/","url":"https:\/\/rubberflex.com.my\/pt\/rubber-thread\/","name":"Rubber Thread - Rubberflex Sdn Bhd","isPartOf":{"@id":"https:\/\/rubberflex.com.my\/pt\/#website"},"datePublished":"2024-08-07T19:02:33+00:00","dateModified":"2026-03-24T07:19:09+00:00","breadcrumb":{"@id":"https:\/\/rubberflex.com.my\/pt\/rubber-thread\/#breadcrumb"},"inLanguage":"en-US","potentialAction":[{"@type":"ReadAction","target":["https:\/\/rubberflex.com.my\/pt\/rubber-thread\/"]}]},{"@type":"BreadcrumbList","@id":"https:\/\/rubberflex.com.my\/pt\/rubber-thread\/#breadcrumb","itemListElement":[{"@type":"ListItem","position":1,"name":"Home","item":"https:\/\/rubberflex.com.my\/pt\/"},{"@type":"ListItem","position":2,"name":"Rubber Thread"}]},{"@type":"WebSite","@id":"https:\/\/rubberflex.com.my\/pt\/#website","url":"https:\/\/rubberflex.com.my\/pt\/","name":"Rubberflex","description":"The World\u2019s Largest Rubber Thread Manufacturer","publisher":{"@id":"https:\/\/rubberflex.com.my\/pt\/#organization"},"potentialAction":[{"@type":"SearchAction","target":{"@type":"EntryPoint","urlTemplate":"https:\/\/rubberflex.com.my\/pt\/?s={search_term_string}"},"query-input":{"@type":"PropertyValueSpecification","valueRequired":true,"valueName":"search_term_string"}}],"inLanguage":"en-US"},{"@type":"Organization","@id":"https:\/\/rubberflex.com.my\/pt\/#organization","name":"Rubberflex","url":"https:\/\/rubberflex.com.my\/pt\/","logo":{"@type":"ImageObject","inLanguage":"en-US","@id":"https:\/\/rubberflex.com.my\/pt\/#\/schema\/logo\/image\/","url":"https:\/\/rubberflex.com.my\/pt\/wp-content\/uploads\/2024\/06\/favicon.png","contentUrl":"https:\/\/rubberflex.com.my\/pt\/wp-content\/uploads\/2024\/06\/favicon.png","width":121,"height":121,"caption":"Rubberflex"},"image":{"@id":"https:\/\/rubberflex.com.my\/pt\/#\/schema\/logo\/image\/"}}]}},"_links":{"self":[{"href":"https:\/\/rubberflex.com.my\/pt\/wp-json\/wp\/v2\/pages\/441","targetHints":{"allow":["GET"]}}],"collection":[{"href":"https:\/\/rubberflex.com.my\/pt\/wp-json\/wp\/v2\/pages"}],"about":[{"href":"https:\/\/rubberflex.com.my\/pt\/wp-json\/wp\/v2\/types\/page"}],"author":[{"embeddable":true,"href":"https:\/\/rubberflex.com.my\/pt\/wp-json\/wp\/v2\/users\/1"}],"replies":[{"embeddable":true,"href":"https:\/\/rubberflex.com.my\/pt\/wp-json\/wp\/v2\/comments?post=441"}],"version-history":[{"count":4,"href":"https:\/\/rubberflex.com.my\/pt\/wp-json\/wp\/v2\/pages\/441\/revisions"}],"predecessor-version":[{"id":1268,"href":"https:\/\/rubberflex.com.my\/pt\/wp-json\/wp\/v2\/pages\/441\/revisions\/1268"}],"wp:attachment":[{"href":"https:\/\/rubberflex.com.my\/pt\/wp-json\/wp\/v2\/media?parent=441"}],"curies":[{"name":"wp","href":"https:\/\/api.w.org\/{rel}","templated":true}]}}